{"id":1588,"date":"2022-09-22T13:06:19","date_gmt":"2022-09-22T16:06:19","guid":{"rendered":"https:\/\/kswnsconservation.ca\/kespukwitk-conservation-collaborative\/"},"modified":"2023-05-01T20:18:21","modified_gmt":"2023-05-01T23:18:21","slug":"kespukwitk-conservation-collaborative","status":"publish","type":"page","link":"https:\/\/kswnsconservation.ca\/fr\/","title":{"rendered":"Kespukwitk Conservation Collaborative"},"content":{"rendered":"<div class=\"kb-row-layout-wrap kb-row-layout-id_44b191-2c alignnone wp-block-kadence-rowlayout\"><div class=\"kt-row-column-wrap kt-has-2-columns kt-row-layout-equal kt-tab-layout-inherit kt-mobile-layout-row kt-row-valign-top\">\n\n<div class=\"wp-block-kadence-column kadence-column_631949-5e inner-column-1\"><div class=\"kt-inside-inner-col\">\n<figure class=\"wp-block-kadence-image kb-image_08a565-c3 size-large\"><img loading=\"lazy\" decoding=\"async\" width=\"1024\" height=\"734\" src=\"https:\/\/kswnsconservation.ca\/wp-content\/uploads\/2022\/10\/home_s1-1024x734.jpg\" alt=\"\" class=\"kb-img wp-image-32\" srcset=\"https:\/\/kswnsconservation.ca\/wp-content\/uploads\/2022\/10\/home_s1-1024x734.jpg 1024w, https:\/\/kswnsconservation.ca\/wp-content\/uploads\/2022\/10\/home_s1-300x215.jpg 300w, https:\/\/kswnsconservation.ca\/wp-content\/uploads\/2022\/10\/home_s1-768x550.jpg 768w, https:\/\/kswnsconservation.ca\/wp-content\/uploads\/2022\/10\/home_s1-1536x1101.jpg 1536w, https:\/\/kswnsconservation.ca\/wp-content\/uploads\/2022\/10\/home_s1.jpg 1732w\" sizes=\"auto, (max-width: 1024px) 100vw, 1024px\" \/><figcaption>Artwork: Melissa Labrador<\/figcaption><\/figure>\n<\/div><\/div>\n\n\n\n<div class=\"wp-block-kadence-column kadence-column_9bbc47-04 inner-column-2\"><div class=\"kt-inside-inner-col\">\n<p>Le Kespukwitk Conservation Collaborative est un partenariat de collaboration entre les Premi\u00e8res Nations Mi&rsquo;kmaq, des organisations autochtones, des organisations non gouvernementales, des \u00e9tablissements universitaires et des minist\u00e8res f\u00e9d\u00e9raux et provinciaux. .<\/p>\n\n\n\n<p>. .<\/p>\n<\/div><\/div>\n\n<\/div><\/div>\n<div class=\"wp-block-columns is-layout-flex wp-container-core-columns-is-layout-28f84493 wp-block-columns-is-layout-flex\">\n<div class=\"wp-block-column is-layout-flow wp-block-column-is-layout-flow\">\n<figure class=\"wp-block-image size-large\"><img loading=\"lazy\" decoding=\"async\" width=\"1024\" height=\"734\" src=\"https:\/\/kswnsconservation.ca\/wp-content\/uploads\/2022\/10\/home_s1-1024x734.jpg\" alt=\"\" class=\"wp-image-32\" srcset=\"https:\/\/kswnsconservation.ca\/wp-content\/uploads\/2022\/10\/home_s1-1024x734.jpg 1024w, https:\/\/kswnsconservation.ca\/wp-content\/uploads\/2022\/10\/home_s1-300x215.jpg 300w, https:\/\/kswnsconservation.ca\/wp-content\/uploads\/2022\/10\/home_s1-768x550.jpg 768w, https:\/\/kswnsconservation.ca\/wp-content\/uploads\/2022\/10\/home_s1-1536x1101.jpg 1536w, https:\/\/kswnsconservation.ca\/wp-content\/uploads\/2022\/10\/home_s1.jpg 1732w\" sizes=\"auto, (max-width: 1024px) 100vw, 1024px\" \/><\/figure>\n<\/div>\n\n\n\n<div class=\"wp-block-column is-layout-flow wp-block-column-is-layout-flow\">\n<p>. . . .<\/p>\n<\/div>\n<\/div>\n","protected":false},"excerpt":{"rendered":"<p>Le Kespukwitk Conservation Collaborative est un partenariat de collaboration entre les Premi\u00e8res Nations Mi&rsquo;kmaq, des organisations autochtones, des organisations non gouvernementales, des \u00e9tablissements universitaires et des minist\u00e8res f\u00e9d\u00e9raux et provinciaux. [&hellip;]<\/p>\n","protected":false},"author":1,"featured_media":0,"parent":0,"menu_order":-1000,"comment_status":"closed","ping_status":"closed","template":"page-no-title","meta":{"_EventAllDay":false,"_EventTimezone":"","_EventStartDate":"","_EventEndDate":"","_EventStartDateUTC":"","_EventEndDateUTC":"","_EventShowMap":false,"_EventShowMapLink":false,"_EventURL":"","_EventCost":"","_EventCostDescription":"","_EventCurrencySymbol":"","_EventCurrencyCode":"","_EventCurrencyPosition":"","_EventDateTimeSeparator":"","_EventTimeRangeSeparator":"","_EventOrganizerID":[],"_EventVenueID":[],"_OrganizerEmail":"","_OrganizerPhone":"","_OrganizerWebsite":"","_VenueAddress":"","_VenueCity":"","_VenueCountry":"","_VenueProvince":"","_VenueState":"","_VenueZip":"","_VenuePhone":"","_VenueURL":"","_VenueStateProvince":"","_VenueLat":"","_VenueLng":"","_VenueShowMap":false,"_VenueShowMapLink":false,"footnotes":""},"class_list":["post-1588","page","type-page","status-publish","hentry"],"_links":{"self":[{"href":"https:\/\/kswnsconservation.ca\/fr\/wp-json\/wp\/v2\/pages\/1588","targetHints":{"allow":["GET"]}}],"collection":[{"href":"https:\/\/kswnsconservation.ca\/fr\/wp-json\/wp\/v2\/pages"}],"about":[{"href":"https:\/\/kswnsconservation.ca\/fr\/wp-json\/wp\/v2\/types\/page"}],"author":[{"embeddable":true,"href":"https:\/\/kswnsconservation.ca\/fr\/wp-json\/wp\/v2\/users\/1"}],"replies":[{"embeddable":true,"href":"https:\/\/kswnsconservation.ca\/fr\/wp-json\/wp\/v2\/comments?post=1588"}],"version-history":[{"count":2,"href":"https:\/\/kswnsconservation.ca\/fr\/wp-json\/wp\/v2\/pages\/1588\/revisions"}],"predecessor-version":[{"id":1597,"href":"https:\/\/kswnsconservation.ca\/fr\/wp-json\/wp\/v2\/pages\/1588\/revisions\/1597"}],"wp:attachment":[{"href":"https:\/\/kswnsconservation.ca\/fr\/wp-json\/wp\/v2\/media?parent=1588"}],"curies":[{"name":"wp","href":"https:\/\/api.w.org\/{rel}","templated":true}]}}